{"id":1273,"date":"2024-05-03T13:58:00","date_gmt":"2024-05-03T11:58:00","guid":{"rendered":"https:\/\/my-eden-villages.portobello-extranet.com\/?page_id=1273"},"modified":"2024-05-16T15:21:12","modified_gmt":"2024-05-16T13:21:12","slug":"eden-kids-club","status":"publish","type":"page","link":"https:\/\/my.eden-villages.fr\/nl\/bela-basque-activiteiten\/eden-kids-club\/","title":{"rendered":"Eden Kids Club"},"content":{"rendered":"\n<p>Le Club enfant du Camping propose aux enfants \u00e2g\u00e9s de 5 \u00e0 12 ans de nombreuses activit\u00e9s pour s\u2019amuser et faire des nouvelles rencontres.<\/p>\n\n\n\n<figure class=\"wp-block-image size-full is-resized\"><img decoding=\"async\" width=\"1024\" height=\"683\" src=\"https:\/\/my.eden-villages.fr\/wp-content\/uploads\/2024\/05\/camping-bretagne-cap-de-brehat-club-enfants-mascotte-1024x683-1.jpg\" alt=\"\" class=\"wp-image-1412\" style=\"width:350px\" srcset=\"https:\/\/my.eden-villages.fr\/wp-content\/uploads\/2024\/05\/camping-bretagne-cap-de-brehat-club-enfants-mascotte-1024x683-1.jpg 1024w, https:\/\/my.eden-villages.fr\/wp-content\/uploads\/2024\/05\/camping-bretagne-cap-de-brehat-club-enfants-mascotte-1024x683-1-300x200.jpg 300w, https:\/\/my.eden-villages.fr\/wp-content\/uploads\/2024\/05\/camping-bretagne-cap-de-brehat-club-enfants-mascotte-1024x683-1-768x512.jpg 768w, https:\/\/my.eden-villages.fr\/wp-content\/uploads\/2024\/05\/camping-bretagne-cap-de-brehat-club-enfants-mascotte-1024x683-1-60x40.jpg 60w\" sizes=\"(max-width: 1024px) 100vw, 1024px\" \/><\/figure>\n\n\n\n<h2 class=\"wp-block-heading\">Horaires<\/h2>\n\n\n\n<h3 class=\"wp-block-heading\">Du lundi au vendredi<\/h3>\n\n\n\n<p>Juillet et ao\u00fbt&nbsp;: 10 h &#8211; 12 h \/ 15 h &#8211; 17 h<br>Basse saison&nbsp;: 10 h &#8211; 12 h<\/p>\n\n\n\n<h2 class=\"wp-block-heading\">Activit\u00e9s<\/h2>\n\n\n\n<ul class=\"wp-block-list\">\n<li>Olympiades<\/li>\n\n\n\n<li>Atelier magie<\/li>\n\n\n\n<li>Chasse au tr\u00e9sor<\/li>\n\n\n\n<li>Mini-disco<\/li>\n\n\n\n<li>Loisirs cr\u00e9atifs<\/li>\n\n\n\n<li>Tournois de sport<\/li>\n\n\n\n<li>Pique-nique sur la plage<\/li>\n\n\n\n<li>Des veill\u00e9es sont organis\u00e9es une fois par semaine<\/li>\n<\/ul>\n","protected":false},"excerpt":{"rendered":"<p>Le Club enfant du Camping propose aux enfants \u00e2g\u00e9s de 5 \u00e0 12 ans de nombreuses activit\u00e9s pour s\u2019amuser et faire des nouvelles rencontres. Horaires Du lundi au vendredi Juillet et ao\u00fbt&nbsp;: 10 h &#8211; 12 h \/ 15 h &#8211; 17 hBasse saison&nbsp;: 10 h &#8211; 12 h Activit\u00e9s<\/p>\n","protected":false},"author":5,"featured_media":0,"parent":2250,"menu_order":2,"comment_status":"closed","ping_status":"closed","template":"","meta":{"_acf_changed":false,"footnotes":""},"class_list":["post-1273","page","type-page","status-publish","hentry"],"acf":[],"ams_acf":[],"_links":{"self":[{"href":"https:\/\/my.eden-villages.fr\/nl\/wp-json\/wp\/v2\/pages\/1273","targetHints":{"allow":["GET"]}}],"collection":[{"href":"https:\/\/my.eden-villages.fr\/nl\/wp-json\/wp\/v2\/pages"}],"about":[{"href":"https:\/\/my.eden-villages.fr\/nl\/wp-json\/wp\/v2\/types\/page"}],"author":[{"embeddable":true,"href":"https:\/\/my.eden-villages.fr\/nl\/wp-json\/wp\/v2\/users\/5"}],"replies":[{"embeddable":true,"href":"https:\/\/my.eden-villages.fr\/nl\/wp-json\/wp\/v2\/comments?post=1273"}],"version-history":[{"count":2,"href":"https:\/\/my.eden-villages.fr\/nl\/wp-json\/wp\/v2\/pages\/1273\/revisions"}],"predecessor-version":[{"id":2267,"href":"https:\/\/my.eden-villages.fr\/nl\/wp-json\/wp\/v2\/pages\/1273\/revisions\/2267"}],"up":[{"embeddable":true,"href":"https:\/\/my.eden-villages.fr\/nl\/wp-json\/wp\/v2\/pages\/2250"}],"wp:attachment":[{"href":"https:\/\/my.eden-villages.fr\/nl\/wp-json\/wp\/v2\/media?parent=1273"}],"curies":[{"name":"wp","href":"https:\/\/api.w.org\/{rel}","templated":true}]}}