{"id":1258,"date":"2024-04-05T16:29:00","date_gmt":"2024-04-05T14:29:00","guid":{"rendered":"https:\/\/my-eden-villages.portobello-extranet.com\/?page_id=1258"},"modified":"2024-05-16T16:35:56","modified_gmt":"2024-05-16T14:35:56","slug":"campingdiensten","status":"publish","type":"page","link":"https:\/\/my.eden-villages.fr\/nl\/bela-basque-uw-verblijf\/campingdiensten\/","title":{"rendered":"Campingdiensten"},"content":{"rendered":"\n<p>D\u00e9p\u00f4t de pain&nbsp;: au bar\/restaurant<\/p>\n\n<p>Point de d\u00e9pannage avec \u00e9l\u00e9ments de premi\u00e8re n\u00e9cessit\u00e9&nbsp;: au bar<\/p>\n\n<p>Borne de recharge pour voiture \u00e9lectrique.<\/p>\n","protected":false},"excerpt":{"rendered":"<p>D\u00e9p\u00f4t de pain&nbsp;: au bar\/restaurant Point de d\u00e9pannage avec \u00e9l\u00e9ments de premi\u00e8re n\u00e9cessit\u00e9&nbsp;: au bar Borne de recharge pour voiture \u00e9lectrique.<\/p>\n","protected":false},"author":5,"featured_media":0,"parent":2258,"menu_order":0,"comment_status":"closed","ping_status":"closed","template":"","meta":{"_acf_changed":false,"footnotes":""},"class_list":["post-1258","page","type-page","status-publish","hentry"],"acf":[],"ams_acf":[],"_links":{"self":[{"href":"https:\/\/my.eden-villages.fr\/nl\/wp-json\/wp\/v2\/pages\/1258","targetHints":{"allow":["GET"]}}],"collection":[{"href":"https:\/\/my.eden-villages.fr\/nl\/wp-json\/wp\/v2\/pages"}],"about":[{"href":"https:\/\/my.eden-villages.fr\/nl\/wp-json\/wp\/v2\/types\/page"}],"author":[{"embeddable":true,"href":"https:\/\/my.eden-villages.fr\/nl\/wp-json\/wp\/v2\/users\/5"}],"replies":[{"embeddable":true,"href":"https:\/\/my.eden-villages.fr\/nl\/wp-json\/wp\/v2\/comments?post=1258"}],"version-history":[{"count":1,"href":"https:\/\/my.eden-villages.fr\/nl\/wp-json\/wp\/v2\/pages\/1258\/revisions"}],"predecessor-version":[{"id":1259,"href":"https:\/\/my.eden-villages.fr\/nl\/wp-json\/wp\/v2\/pages\/1258\/revisions\/1259"}],"up":[{"embeddable":true,"href":"https:\/\/my.eden-villages.fr\/nl\/wp-json\/wp\/v2\/pages\/2258"}],"wp:attachment":[{"href":"https:\/\/my.eden-villages.fr\/nl\/wp-json\/wp\/v2\/media?parent=1258"}],"curies":[{"name":"wp","href":"https:\/\/api.w.org\/{rel}","templated":true}]}}