{"id":2950,"date":"2024-04-09T17:49:15","date_gmt":"2024-04-09T15:49:15","guid":{"rendered":"https:\/\/my-eden-villages.portobello-extranet.com\/palmyre-loisirs-restaurant\/"},"modified":"2025-09-15T10:25:34","modified_gmt":"2025-09-15T08:25:34","slug":"palmyre-loisirs-restaurant","status":"publish","type":"page","link":"https:\/\/my.eden-villages.fr\/en\/palmyre-loisirs-restaurant\/","title":{"rendered":"Palmyre Loisirs &#8211; Restaurant"},"content":{"rendered":"\n<p><strong>Your L&#8217;\u00c9ph\u00e9m\u00e8re restaurant will be serving you all season long!<\/strong><\/p>\n\n\n\n<p><strong>Free Wi-Fi hotspot available on the restaurant terrace.<\/strong><\/p>\n\n\n\n<div class=\"wp-block-buttons is-layout-flex wp-block-buttons-is-layout-flex\">\n<div class=\"wp-block-button\"><a class=\"wp-block-button__link has-white-color has-blue-background-color has-text-color has-background has-link-color wp-element-button\" href=\"https:\/\/my.eden-villages.fr\/wp-content\/uploads\/2025\/04\/SNACK-EPHEMERE-1.pdf\" style=\"border-radius:8px\">Download the snack menu<\/a><\/div>\n<\/div>\n\n\n\n<div style=\"height:10px\" aria-hidden=\"true\" class=\"wp-block-spacer\"><\/div>\n\n\n\n<div class=\"wp-block-buttons is-layout-flex wp-block-buttons-is-layout-flex\">\n<div class=\"wp-block-button\"><a class=\"wp-block-button__link has-white-color has-blue-background-color has-text-color has-background has-link-color wp-element-button\" href=\"https:\/\/my.eden-villages.fr\/wp-content\/uploads\/2025\/05\/carte-resto-palmyre.pdf\" style=\"border-radius:8px\">Download the restaurant menu<\/a><\/div>\n<\/div>\n\n\n\n<div style=\"height:10px\" aria-hidden=\"true\" class=\"wp-block-spacer\"><\/div>\n\n\n\n<div class=\"wp-block-buttons is-layout-flex wp-block-buttons-is-layout-flex\">\n<div class=\"wp-block-button\"><a class=\"wp-block-button__link has-white-color has-blue-background-color has-text-color has-background has-link-color wp-element-button\" href=\"https:\/\/my.eden-villages.fr\/wp-content\/uploads\/2025\/09\/Horaire-restaurant_30082025112739.pdf\" style=\"border-radius:8px\">Download the snack bar opening times<\/a><\/div>\n<\/div>\n\n\n\n<p><\/p>\n","protected":false},"excerpt":{"rendered":"<p>Your L&#8217;\u00c9ph\u00e9m\u00e8re restaurant will be serving you all season long! Free Wi-Fi hotspot available on the restaurant terrace.<\/p>\n","protected":false},"author":1,"featured_media":0,"parent":0,"menu_order":0,"comment_status":"closed","ping_status":"closed","template":"templates\/parent.php","meta":{"_acf_changed":false,"footnotes":""},"class_list":["post-2950","page","type-page","status-publish","hentry"],"acf":[],"ams_acf":[{"key":"linked_camping","label":"Camping li\u00e9","value":2984}],"_links":{"self":[{"href":"https:\/\/my.eden-villages.fr\/en\/wp-json\/wp\/v2\/pages\/2950","targetHints":{"allow":["GET"]}}],"collection":[{"href":"https:\/\/my.eden-villages.fr\/en\/wp-json\/wp\/v2\/pages"}],"about":[{"href":"https:\/\/my.eden-villages.fr\/en\/wp-json\/wp\/v2\/types\/page"}],"author":[{"embeddable":true,"href":"https:\/\/my.eden-villages.fr\/en\/wp-json\/wp\/v2\/users\/1"}],"replies":[{"embeddable":true,"href":"https:\/\/my.eden-villages.fr\/en\/wp-json\/wp\/v2\/comments?post=2950"}],"version-history":[{"count":21,"href":"https:\/\/my.eden-villages.fr\/en\/wp-json\/wp\/v2\/pages\/2950\/revisions"}],"predecessor-version":[{"id":27030,"href":"https:\/\/my.eden-villages.fr\/en\/wp-json\/wp\/v2\/pages\/2950\/revisions\/27030"}],"wp:attachment":[{"href":"https:\/\/my.eden-villages.fr\/en\/wp-json\/wp\/v2\/media?parent=2950"}],"curies":[{"name":"wp","href":"https:\/\/api.w.org\/{rel}","templated":true}]}}