{"id":12172,"date":"2025-01-22T10:23:55","date_gmt":"2025-01-22T09:23:55","guid":{"rendered":"https:\/\/my.eden-villages.fr\/?page_id=12172"},"modified":"2025-03-19T15:13:13","modified_gmt":"2025-03-19T14:13:13","slug":"le-suroit-the-markets","status":"publish","type":"page","link":"https:\/\/my.eden-villages.fr\/en\/le-suroit-the-markets\/","title":{"rendered":"Le Suroit &#8211; The markets"},"content":{"rendered":"\n<h2 class=\"wp-block-heading\">Monday<\/h2>\n\n\n\n<p>Ch\u00e9ray Market (local products), Boyardville Market (night market), Domino Market (local products), Saint-Georges d&#8217;Ol\u00e9ron Market<\/p>\n\n\n\n<h3 class=\"wp-block-heading\">Tuesday<\/h3>\n\n\n\n<p>Ch\u00e9ray Market (night market), Boyardville Market (night market), Domino Market (local products), Saint-Georges d&#8217;Ol\u00e9ron Market<\/p>\n\n\n\n<h3 class=\"wp-block-heading\">Wednesday<\/h3>\n\n\n\n<p>Ch\u00e9ray Market (local products), Boyardville Market (night market), Domino Market (local products), Saint-Georges d&#8217;Ol\u00e9ron Market<\/p>\n\n\n\n<h3 class=\"wp-block-heading\">Thursday<\/h3>\n\n\n\n<p>Ch\u00e9ray Market (local products), Boyardville Market (night market), Domino Market (local products), Saint-Georges d&#8217;Ol\u00e9ron Market<\/p>\n\n\n\n<h3 class=\"wp-block-heading\">Friday<\/h3>\n\n\n\n<p>Ch\u00e9ray Market (local products), Boyardville Market (night market), Domino Market (local products), Saint-Georges d&#8217;Ol\u00e9ron Market<\/p>\n\n\n\n<h3 class=\"wp-block-heading\">Saturday<\/h3>\n\n\n\n<p>Ch\u00e9ray Market (local products), Boyardville Market (night market), Domino Market (local products), Saint-Georges d&#8217;Ol\u00e9ron Market<\/p>\n\n\n\n<h3 class=\"wp-block-heading\">Sunday<\/h3>\n\n\n\n<p>Ch\u00e9ray Market (local products), Boyardville Market (night market), Domino Market (local products), Saint-Georges d&#8217;Ol\u00e9ron Market<\/p>\n","protected":false},"excerpt":{"rendered":"<p>Monday Ch\u00e9ray Market (local products), Boyardville Market (night market), Domino Market (local products), Saint-Georges d&#8217;Ol\u00e9ron Market Tuesday Ch\u00e9ray Market (night market), Boyardville Market (night market), Domino Market (local products), Saint-Georges d&#8217;Ol\u00e9ron Market Wednesday Ch\u00e9ray Market (local products), Boyardville Market (night market), Domino Market (local products), Saint-Georges d&#8217;Ol\u00e9ron Market Thursday Ch\u00e9ray Market (local products), Boyardville Market [&hellip;]<\/p>\n","protected":false},"author":5,"featured_media":0,"parent":0,"menu_order":0,"comment_status":"closed","ping_status":"closed","template":"templates\/parent.php","meta":{"_acf_changed":false,"footnotes":""},"class_list":["post-12172","page","type-page","status-publish","hentry"],"acf":[],"ams_acf":[{"key":"linked_camping","label":"Camping li\u00e9","value":12698}],"_links":{"self":[{"href":"https:\/\/my.eden-villages.fr\/en\/wp-json\/wp\/v2\/pages\/12172","targetHints":{"allow":["GET"]}}],"collection":[{"href":"https:\/\/my.eden-villages.fr\/en\/wp-json\/wp\/v2\/pages"}],"about":[{"href":"https:\/\/my.eden-villages.fr\/en\/wp-json\/wp\/v2\/types\/page"}],"author":[{"embeddable":true,"href":"https:\/\/my.eden-villages.fr\/en\/wp-json\/wp\/v2\/users\/5"}],"replies":[{"embeddable":true,"href":"https:\/\/my.eden-villages.fr\/en\/wp-json\/wp\/v2\/comments?post=12172"}],"version-history":[{"count":2,"href":"https:\/\/my.eden-villages.fr\/en\/wp-json\/wp\/v2\/pages\/12172\/revisions"}],"predecessor-version":[{"id":12730,"href":"https:\/\/my.eden-villages.fr\/en\/wp-json\/wp\/v2\/pages\/12172\/revisions\/12730"}],"wp:attachment":[{"href":"https:\/\/my.eden-villages.fr\/en\/wp-json\/wp\/v2\/media?parent=12172"}],"curies":[{"name":"wp","href":"https:\/\/api.w.org\/{rel}","templated":true}]}}